{"id":11,"date":"2018-12-22T15:35:48","date_gmt":"2018-12-22T15:35:48","guid":{"rendered":"https:\/\/mazaroca.com\/?page_id=11"},"modified":"2020-06-11T08:34:07","modified_gmt":"2020-06-11T08:34:07","slug":"donde-estamos","status":"publish","type":"page","link":"https:\/\/mazaroca.com\/es\/donde-estamos\/","title":{"rendered":"Donde estamos"},"content":{"rendered":"<p class=\"western\" lang=\"gl-ES\" align=\"justify\"><span style=\"color: #000000;\"><span style=\"font-family: FreeSans, sans-serif;\"><span style=\"font-size: large;\"><img loading=\"lazy\" decoding=\"async\" class=\"alignleft wp-image-484\" src=\"https:\/\/mazaroca.com\/wp-content\/uploads\/2018\/12\/Vilaboa-01-300x235.jpg\" alt=\"\" width=\"350\" height=\"275\" srcset=\"https:\/\/mazaroca.com\/wp-content\/uploads\/2018\/12\/Vilaboa-01-300x235.jpg 300w, https:\/\/mazaroca.com\/wp-content\/uploads\/2018\/12\/Vilaboa-01-1x1.jpg 1w, https:\/\/mazaroca.com\/wp-content\/uploads\/2018\/12\/Vilaboa-01.jpg 715w\" sizes=\"(max-width: 350px) 100vw, 350px\" \/><\/span><\/span><\/span><\/p>\n<p><span style=\"color: #000000;\"><span style=\"font-family: DejaVu Sans, sans-serif;\"><span style=\"font-size: large;\">La Casa de Rosa de Mazaroca se encuentra en el ayuntamiento de <a href=\"https:\/\/es.wikipedia.org\/wiki\/Vilaboa\" target=\"_blank\" rel=\"noopener noreferrer\">Vilaboa<\/a>, en un incomparable entorno natural dentro de la R\u00eda de Vigo. Puedes disfrutar del entorno haciendo <a href=\"http:\/\/www.vilaboa.org\/rutas_cast.html\" target=\"_blank\" rel=\"noopener noreferrer\">rutas de senderismo<\/a> por los molinos de Riomaior (en la parroquia de Sta. Cristina de Cobres), visitar las Salinas de Ull\u00f3 y relajarte dando un paseo por el Lago de Casti\u00f1eiras, desde donde puedes acercarte al mirador de Cotorredondo y admirar toda la R\u00eda. <\/span><\/span><\/span><\/p>\n<p><span style=\"color: #000000;\"><span style=\"font-family: DejaVu Sans, sans-serif;\"><span style=\"font-size: large;\">Otras rutas de senderismo a tener en cuenta: la ruta de la Croa (discurre entre Acu\u00f1a y Larache), la ruta de los molinos de Vilaboa, que se inicia en las Salinas de Ull\u00f3 subiendo por el r\u00edo Trasmil (en la parroquia de Vilaboa) hasta llegar al Lago de Casti\u00f1eiras,&#8230; En Paredes, tenemos la ruta de Pedra Miranda, que se inicia tambi\u00e9n en las Salinas, pasa por la cantera de las Lapas y finaliza en un enclave con hermosas vistas de la R\u00eda de Vigo. En la parroquia de Figueirido la ruta del sendero Chan do Vilar, que discurre por dicha parroquia hasta finalizar en el Lago de Casti\u00f1eiras. Todas estas rutas son de dificultad media por lo que son aptas para cualquiera que se quiera acercar a realizarlas. <\/span><\/span><\/span><\/p>\n<p class=\"western\" lang=\"gl-ES\" align=\"justify\"><span style=\"color: #000000;\"><span style=\"font-family: FreeSans, sans-serif;\"><span style=\"font-size: large;\">\u00a0<\/span><\/span><\/span><\/p>\n<p class=\"western\" lang=\"gl-ES\"><span style=\"font-family: FreeSans, sans-serif; color: #000000;\"><span style=\"font-size: large;\"><img loading=\"lazy\" decoding=\"async\" class=\"alignright wp-image-482\" src=\"https:\/\/mazaroca.com\/wp-content\/uploads\/2018\/12\/molinos-riomarior-300x169.jpg\" alt=\"\" width=\"350\" height=\"197\" srcset=\"https:\/\/mazaroca.com\/wp-content\/uploads\/2018\/12\/molinos-riomarior-300x169.jpg 300w, https:\/\/mazaroca.com\/wp-content\/uploads\/2018\/12\/molinos-riomarior-2x1.jpg 2w, https:\/\/mazaroca.com\/wp-content\/uploads\/2018\/12\/molinos-riomarior.jpg 500w\" sizes=\"(max-width: 350px) 100vw, 350px\" \/><\/span><\/span><\/p>\n<p><span style=\"color: #000000;\"><span style=\"font-family: DejaVu Sans, sans-serif;\"><span style=\"font-size: large;\">Todo el a\u00f1o Vilaboa ofrece oportunidades de ocio, el entorno invita a descubrir nuevos rincones as\u00ed como actividades culturales y fiestas ancestrales como las del Carnaval de Cobres, en la parroquia de Sta. Cristina de Cobres.<\/span><\/span><\/span><\/p>\n<p class=\"western\" lang=\"gl-ES\"><span style=\"font-family: FreeSans, sans-serif; color: #000000;\"><span style=\"font-size: large;\"><img loading=\"lazy\" decoding=\"async\" class=\"alignleft wp-image-483\" src=\"https:\/\/mazaroca.com\/wp-content\/uploads\/2018\/12\/salinas-paseo-300x200.jpeg\" alt=\"\" width=\"350\" height=\"234\" srcset=\"https:\/\/mazaroca.com\/wp-content\/uploads\/2018\/12\/salinas-paseo-300x200.jpeg 300w, https:\/\/mazaroca.com\/wp-content\/uploads\/2018\/12\/salinas-paseo-1x1.jpeg 1w, https:\/\/mazaroca.com\/wp-content\/uploads\/2018\/12\/salinas-paseo.jpeg 640w\" sizes=\"(max-width: 350px) 100vw, 350px\" \/><\/span><\/span><\/p>\n<p><span style=\"color: #000000;\"><span style=\"font-family: DejaVu Sans, sans-serif;\"><span style=\"font-size: large;\"><span lang=\"gl-ES\">Lo<\/span><span lang=\"gl-ES\">s amigos de Bicicleando nos ofrecen diversas rutas en bici po<\/span><span lang=\"gl-ES\">r el<\/span> <span lang=\"gl-ES\">entorno<\/span><span lang=\"gl-ES\"> d<\/span><span lang=\"gl-ES\">e l<\/span><span lang=\"gl-ES\">a R\u00eda de Vigo, por sup<\/span><span lang=\"gl-ES\">ue<\/span><span lang=\"gl-ES\">sto Vilaboa est\u00e1 m<\/span><span lang=\"gl-ES\">uy<\/span><span lang=\"gl-ES\"> presente.\u00a0Tam<\/span><span lang=\"gl-ES\">bi<\/span><span lang=\"gl-ES\">\u00e9n podemos realizar actividades <\/span><span lang=\"gl-ES\">en el<\/span><span lang=\"gl-ES\"> mar gr<\/span><span lang=\"gl-ES\">a<\/span><span lang=\"gl-ES\">cias<\/span><span lang=\"gl-ES\"> a lo<\/span><span lang=\"gl-ES\">s clubs de pirag\u00fcismo <a href=\"https:\/\/www.facebook.com\/cpvilaboa\/\" target=\"_blank\" rel=\"noopener noreferrer\">Vilaboa<\/a><\/span><span lang=\"gl-ES\"> y <\/span><span lang=\"gl-ES\"><a href=\"http:\/\/www.nauticocobres.es\/\" target=\"_blank\" rel=\"noopener noreferrer\">N\u00e1utico Cobres<\/a>, que organizan peri\u00f3dicamente cursos de iniciaci\u00f3n <\/span><span lang=\"gl-ES\">a la <\/span><span lang=\"gl-ES\">vela<\/span><span lang=\"gl-ES\"> y al<\/span><span lang=\"gl-ES\"> pirag\u00fcismo.<\/span><\/span><\/span><\/span><\/p>\n<p><span style=\"color: #000000;\"><span style=\"font-family: DejaVu Sans, sans-serif;\"><span style=\"font-size: large;\"><span lang=\"gl-ES\">Finalizando el d\u00eda degustando una buena comida en la Casa de Rosa de Mazaroca<\/span><\/span><\/span><\/span> <span style=\"color: #000000;\"><span style=\"font-family: DejaVu Sans, sans-serif;\"><span style=\"font-size: large;\"><span lang=\"gl-ES\">acompa\u00f1ado con un vino de las bodegas de Os <a href=\"http:\/\/osareeiros.com\/\" target=\"_blank\" rel=\"noopener noreferrer\">Areeiros<\/a>.\u00a0<\/span><\/span><\/span><\/span><\/p>\n<p><span style=\"color: #000000;\"><span style=\"font-family: DejaVu Sans, sans-serif;\"><span style=\"font-size: large;\"><span lang=\"gl-ES\">Para descansar qu\u00e9 mejor que quedarse en las casas de turismo rural de nuestro ayuntamiento: <a href=\"http:\/\/osareeiros.com\/\" target=\"_blank\" rel=\"noopener noreferrer\">Os Areeiros<\/a>, <a href=\"http:\/\/www.pazolarache.com\/es\/\" target=\"_blank\" rel=\"noopener noreferrer\">Pazo Larache<\/a>, <a href=\"http:\/\/rectoraldecobres.com\/\" target=\"_blank\" rel=\"noopener noreferrer\">Rectoral de Cobres<\/a>,&#8230;<\/span><\/span><\/span><\/span><\/p>\n<p><span style=\"color: #000000;\"><span style=\"font-family: DejaVu Sans, sans-serif;\"><span style=\"font-size: large;\">Pulsa sobre la imagen para obtener m\u00e1s informaci\u00f3n de c\u00f3mo llegar a la Casa de Rosa de Mazaroca.<\/span><\/span><\/span><\/p>\n<p><iframe loading=\"lazy\" style=\"border: 0;\" src=\"https:\/\/www.google.com\/maps\/embed?pb=!1m18!1m12!1m3!1d7505.490359232827!2d-8.664603821843908!3d42.322107299363985!2m3!1f0!2f0!3f0!3m2!1i1024!2i768!4f13.1!3m3!1m2!1s0xd2f64ca4f20eaeb%3A0x7fc89d2b11719783!2sLugar+Pazos%2C+66%2C+36142%2C+Pontevedra!5e1!3m2!1sgl!2ses!4v1545856469264\" width=\"600\" height=\"400\" frameborder=\"0\" allowfullscreen=\"allowfullscreen\"><\/iframe><\/p>\n","protected":false},"excerpt":{"rendered":"<p>La Casa de Rosa de Mazaroca se encuentra en el ayuntamiento de Vilaboa, en un incomparable entorno natural dentro de la R\u00eda de Vigo. Puedes disfrutar del entorno haciendo rutas de senderismo por los molinos de Riomaior (en la parroquia de Sta. Cristina de Cobres), visitar las Salinas de Ull\u00f3 y relajarte dando un paseo&#8230;<\/p>\n","protected":false},"author":1,"featured_media":0,"parent":0,"menu_order":0,"comment_status":"closed","ping_status":"closed","template":"","meta":{"_mi_skip_tracking":false,"_monsterinsights_sitenote_active":false,"_monsterinsights_sitenote_note":"","_monsterinsights_sitenote_category":0,"footnotes":""},"yoast_head":"<!-- This site is optimized with the Yoast SEO plugin v17.5 - https:\/\/yoast.com\/wordpress\/plugins\/seo\/ -->\n<title>Donde estamos - A Casa de Rosa de Mazaroca<\/title>\n<meta name=\"robots\" content=\"index, follow, max-snippet:-1, max-image-preview:large, max-video-preview:-1\" \/>\n<link rel=\"canonical\" href=\"https:\/\/mazaroca.com\/donde-estamos\/\" \/>\n<meta property=\"og:locale\" content=\"es_ES\" \/>\n<meta property=\"og:locale:alternate\" content=\"en_US\" \/>\n<meta property=\"og:locale:alternate\" content=\"gl_ES\" \/>\n<meta property=\"og:locale:alternate\" content=\"fr_FR\" \/>\n<meta property=\"og:type\" content=\"article\" \/>\n<meta property=\"og:title\" content=\"Donde estamos\" \/>\n<meta property=\"og:description\" content=\"La Casa de Rosa de Mazaroca se encuentra en el ayuntamiento de Vilaboa, en un incomparable entorno natural dentro de la R\u00eda de Vigo. Puedes disfrutar del entorno haciendo rutas de senderismo por los molinos de Riomaior (en la parroquia de Sta. Cristina de Cobres), visitar las Salinas de Ull\u00f3 y relajarte dando un paseo...\" \/>\n<meta property=\"og:url\" content=\"https:\/\/mazaroca.com\/es\/donde-estamos\/\" \/>\n<meta property=\"og:site_name\" content=\"A Casa de Rosa de Mazaroca\" \/>\n<meta property=\"article:publisher\" content=\"https:\/\/www.facebook.com\/RosaMazaroca\" \/>\n<meta property=\"article:modified_time\" content=\"2020-06-11T08:34:07+00:00\" \/>\n<meta property=\"og:image\" content=\"https:\/\/mazaroca.com\/wp-content\/uploads\/2018\/12\/Vilaboa-01-300x235.jpg\" \/>\n<meta name=\"twitter:card\" content=\"summary_large_image\" \/>\n<meta name=\"twitter:site\" content=\"@RosaMazaroca\" \/>\n<meta name=\"twitter:label1\" content=\"Tiempo de lectura\" \/>\n\t<meta name=\"twitter:data1\" content=\"5 minutos\" \/>\n<script type=\"application\/ld+json\" class=\"yoast-schema-graph\">{\"@context\":\"https:\/\/schema.org\",\"@graph\":[{\"@type\":\"Organization\",\"@id\":\"https:\/\/mazaroca.com\/#organization\",\"name\":\"A Casa de Rosa de Mazaroca\",\"url\":\"https:\/\/mazaroca.com\/\",\"sameAs\":[\"https:\/\/www.facebook.com\/RosaMazaroca\",\"http:\/\/www.instagram.com\/rosamazaroca\",\"https:\/\/twitter.com\/RosaMazaroca\"],\"logo\":{\"@type\":\"ImageObject\",\"@id\":\"https:\/\/mazaroca.com\/#logo\",\"inLanguage\":\"es-ES\",\"url\":\"https:\/\/mazaroca.com\/wp-content\/uploads\/2018\/12\/logo-mazaroca-1.jpg\",\"contentUrl\":\"https:\/\/mazaroca.com\/wp-content\/uploads\/2018\/12\/logo-mazaroca-1.jpg\",\"width\":675,\"height\":89,\"caption\":\"A Casa de Rosa de Mazaroca\"},\"image\":{\"@id\":\"https:\/\/mazaroca.com\/#logo\"}},{\"@type\":\"WebSite\",\"@id\":\"https:\/\/mazaroca.com\/#website\",\"url\":\"https:\/\/mazaroca.com\/\",\"name\":\"A Casa de Rosa de Mazaroca\",\"description\":\"Restaurante de comida tradicional gallega con un toque innovador\",\"publisher\":{\"@id\":\"https:\/\/mazaroca.com\/#organization\"},\"potentialAction\":[{\"@type\":\"SearchAction\",\"target\":{\"@type\":\"EntryPoint\",\"urlTemplate\":\"https:\/\/mazaroca.com\/?s={search_term_string}\"},\"query-input\":\"required name=search_term_string\"}],\"inLanguage\":\"es-ES\"},{\"@type\":\"ImageObject\",\"@id\":\"https:\/\/mazaroca.com\/donde-estamos\/#primaryimage\",\"inLanguage\":\"es-ES\",\"url\":\"https:\/\/mazaroca.com\/wp-content\/uploads\/2018\/12\/Vilaboa-01.jpg\",\"contentUrl\":\"https:\/\/mazaroca.com\/wp-content\/uploads\/2018\/12\/Vilaboa-01.jpg\",\"width\":715,\"height\":561},{\"@type\":\"WebPage\",\"@id\":\"https:\/\/mazaroca.com\/donde-estamos\/#webpage\",\"url\":\"https:\/\/mazaroca.com\/donde-estamos\/\",\"name\":\"[:en]We are here[:es]Donde estamos[:gl]Onde estamos[:fr]O\\u00f9 sommes-nous[:] - A Casa de Rosa de Mazaroca\",\"isPartOf\":{\"@id\":\"https:\/\/mazaroca.com\/#website\"},\"primaryImageOfPage\":{\"@id\":\"https:\/\/mazaroca.com\/donde-estamos\/#primaryimage\"},\"datePublished\":\"2018-12-22T15:35:48+00:00\",\"dateModified\":\"2020-06-11T08:34:07+00:00\",\"breadcrumb\":{\"@id\":\"https:\/\/mazaroca.com\/donde-estamos\/#breadcrumb\"},\"inLanguage\":\"es-ES\",\"potentialAction\":[{\"@type\":\"ReadAction\",\"target\":[\"https:\/\/mazaroca.com\/donde-estamos\/\"]}]},{\"@type\":\"BreadcrumbList\",\"@id\":\"https:\/\/mazaroca.com\/donde-estamos\/#breadcrumb\",\"itemListElement\":[{\"@type\":\"ListItem\",\"position\":1,\"name\":\"Portada\",\"item\":\"https:\/\/mazaroca.com\/es\/\"},{\"@type\":\"ListItem\",\"position\":2,\"name\":\"Donde estamos\"}]}]}<\/script>\n<!-- \/ Yoast SEO plugin. -->","yoast_head_json":{"title":"Donde estamos - A Casa de Rosa de Mazaroca","robots":{"index":"index","follow":"follow","max-snippet":"max-snippet:-1","max-image-preview":"max-image-preview:large","max-video-preview":"max-video-preview:-1"},"canonical":"https:\/\/mazaroca.com\/donde-estamos\/","og_locale":"es_ES","og_type":"article","og_title":"[:en]We are here[:es]Donde estamos[:gl]Onde estamos[:fr]O\u00f9 sommes-nous[:] - A Casa de Rosa de Mazaroca","og_description":"La Casa de Rosa de Mazaroca se encuentra en el ayuntamiento de Vilaboa, en un incomparable entorno natural dentro de la R\u00eda de Vigo. Puedes disfrutar del entorno haciendo rutas de senderismo por los molinos de Riomaior (en la parroquia de Sta. Cristina de Cobres), visitar las Salinas de Ull\u00f3 y relajarte dando un paseo...","og_url":"https:\/\/mazaroca.com\/es\/donde-estamos\/","og_site_name":"A Casa de Rosa de Mazaroca","article_publisher":"https:\/\/www.facebook.com\/RosaMazaroca","article_modified_time":"2020-06-11T08:34:07+00:00","og_image":[{"url":"https:\/\/mazaroca.com\/wp-content\/uploads\/2018\/12\/Vilaboa-01-300x235.jpg"}],"twitter_card":"summary_large_image","twitter_site":"@RosaMazaroca","twitter_misc":{"Tiempo de lectura":"5 minutos"},"schema":{"@context":"https:\/\/schema.org","@graph":[{"@type":"Organization","@id":"https:\/\/mazaroca.com\/#organization","name":"A Casa de Rosa de Mazaroca","url":"https:\/\/mazaroca.com\/","sameAs":["https:\/\/www.facebook.com\/RosaMazaroca","http:\/\/www.instagram.com\/rosamazaroca","https:\/\/twitter.com\/RosaMazaroca"],"logo":{"@type":"ImageObject","@id":"https:\/\/mazaroca.com\/#logo","inLanguage":"es-ES","url":"https:\/\/mazaroca.com\/wp-content\/uploads\/2018\/12\/logo-mazaroca-1.jpg","contentUrl":"https:\/\/mazaroca.com\/wp-content\/uploads\/2018\/12\/logo-mazaroca-1.jpg","width":675,"height":89,"caption":"A Casa de Rosa de Mazaroca"},"image":{"@id":"https:\/\/mazaroca.com\/#logo"}},{"@type":"WebSite","@id":"https:\/\/mazaroca.com\/#website","url":"https:\/\/mazaroca.com\/","name":"A Casa de Rosa de Mazaroca","description":"Restaurante de comida tradicional gallega con un toque innovador","publisher":{"@id":"https:\/\/mazaroca.com\/#organization"},"potentialAction":[{"@type":"SearchAction","target":{"@type":"EntryPoint","urlTemplate":"https:\/\/mazaroca.com\/?s={search_term_string}"},"query-input":"required name=search_term_string"}],"inLanguage":"es-ES"},{"@type":"ImageObject","@id":"https:\/\/mazaroca.com\/donde-estamos\/#primaryimage","inLanguage":"es-ES","url":"https:\/\/mazaroca.com\/wp-content\/uploads\/2018\/12\/Vilaboa-01.jpg","contentUrl":"https:\/\/mazaroca.com\/wp-content\/uploads\/2018\/12\/Vilaboa-01.jpg","width":715,"height":561},{"@type":"WebPage","@id":"https:\/\/mazaroca.com\/donde-estamos\/#webpage","url":"https:\/\/mazaroca.com\/donde-estamos\/","name":"[:en]We are here[:es]Donde estamos[:gl]Onde estamos[:fr]O\u00f9 sommes-nous[:] - A Casa de Rosa de Mazaroca","isPartOf":{"@id":"https:\/\/mazaroca.com\/#website"},"primaryImageOfPage":{"@id":"https:\/\/mazaroca.com\/donde-estamos\/#primaryimage"},"datePublished":"2018-12-22T15:35:48+00:00","dateModified":"2020-06-11T08:34:07+00:00","breadcrumb":{"@id":"https:\/\/mazaroca.com\/donde-estamos\/#breadcrumb"},"inLanguage":"es-ES","potentialAction":[{"@type":"ReadAction","target":["https:\/\/mazaroca.com\/donde-estamos\/"]}]},{"@type":"BreadcrumbList","@id":"https:\/\/mazaroca.com\/donde-estamos\/#breadcrumb","itemListElement":[{"@type":"ListItem","position":1,"name":"Portada","item":"https:\/\/mazaroca.com\/es\/"},{"@type":"ListItem","position":2,"name":"Donde estamos"}]}]}},"jetpack_likes_enabled":true,"jetpack_sharing_enabled":true,"_links":{"self":[{"href":"https:\/\/mazaroca.com\/es\/wp-json\/wp\/v2\/pages\/11"}],"collection":[{"href":"https:\/\/mazaroca.com\/es\/wp-json\/wp\/v2\/pages"}],"about":[{"href":"https:\/\/mazaroca.com\/es\/wp-json\/wp\/v2\/types\/page"}],"author":[{"embeddable":true,"href":"https:\/\/mazaroca.com\/es\/wp-json\/wp\/v2\/users\/1"}],"replies":[{"embeddable":true,"href":"https:\/\/mazaroca.com\/es\/wp-json\/wp\/v2\/comments?post=11"}],"version-history":[{"count":122,"href":"https:\/\/mazaroca.com\/es\/wp-json\/wp\/v2\/pages\/11\/revisions"}],"predecessor-version":[{"id":1637,"href":"https:\/\/mazaroca.com\/es\/wp-json\/wp\/v2\/pages\/11\/revisions\/1637"}],"wp:attachment":[{"href":"https:\/\/mazaroca.com\/es\/wp-json\/wp\/v2\/media?parent=11"}],"curies":[{"name":"wp","href":"https:\/\/api.w.org\/{rel}","templated":true}]}}