{"id":2163,"date":"2021-10-02T10:42:14","date_gmt":"2021-10-02T10:42:14","guid":{"rendered":"https:\/\/mazaroca.com\/carta-semanal-copy\/"},"modified":"2025-08-31T10:21:17","modified_gmt":"2025-08-31T10:21:17","slug":"carta-semanal","status":"publish","type":"page","link":"https:\/\/mazaroca.com\/es\/carta-semanal\/","title":{"rendered":"CARTA SEMANAL DE LA CASA DE ROSA DE MAZAROCA"},"content":{"rendered":"\n\n\n<p><\/p>\n\n\n\n<h3 class=\"wp-block-heading\"><span style=\"background-color:rgba(0, 0, 0, 0);color:#31b5c4\" class=\"has-inline-color\"><em>ENTRANTES&#8230; <\/em><\/span><\/h3>\n\n\n\n<h3 class=\"wp-block-heading\"><span style=\"background-color:rgba(0, 0, 0, 0);color:#31b5c4\" class=\"has-inline-color\"><\/span><\/h3>\n\n\n\n<figure class=\"wp-block-table\"><table><tbody><tr><td>Empanada Mazaroca de jurelos de la r\u00eda<\/td><td class=\"has-text-align-right\" data-align=\"right\">12,00\u20ac<\/td><\/tr><tr><td>Croquetas de sepia de la ensenada de San Sim\u00f3n<\/td><td class=\"has-text-align-right\" data-align=\"right\">12,00\u20ac<\/td><\/tr><tr><td>Langostinos crocantes con mayonesa picante<\/td><td class=\"has-text-align-right\" data-align=\"right\">12,00\u20ac<\/td><\/tr><tr><td>Tomate de casa con queso galmesano y aceite de albahaca<\/td><td class=\"has-text-align-right\" data-align=\"right\">12,00\u20ac<\/td><\/tr><tr><td>Pimientos de Padron de nuestra huerta<\/td><td class=\"has-text-align-right\" data-align=\"right\">7,00\u20ac<\/td><\/tr><tr><td>Verduras asadas de nuestra huerta con queso feta<\/td><td class=\"has-text-align-right\" data-align=\"right\">12,00\u20ac<\/td><\/tr><\/tbody><\/table><\/figure>\n\n\n\n<p><span style=\"background-color:rgba(0, 0, 0, 0);color:#31b5c4\" class=\"has-inline-color\"><em><strong>DEL MAR&#8230;<\/strong><\/em><\/span><\/p>\n\n\n\n<figure class=\"wp-block-table\"><table><tbody><tr><td>Bonito de Burela a la brasa con salsa de pimientos del piquillo<\/td><td class=\"has-text-align-right\" data-align=\"right\">15,00\u20ac<\/td><\/tr><tr><td>Rodaballo a la brasa (pieza 800gr)<\/td><td class=\"has-text-align-right\" data-align=\"right\">50,00\u20ac<\/td><\/tr><tr><td>Pulpo de Ons a la brasa con alioli de ajo asado<\/td><td class=\"has-text-align-right\" data-align=\"right\">21,00\u20ac<\/td><\/tr><\/tbody><\/table><\/figure>\n\n\n\n<h3 class=\"wp-block-heading\"><em><span style=\"color:#31b5c4\" class=\"has-inline-color\"><\/span><\/em><\/h3>\n\n\n\n<h3 class=\"wp-block-heading\"><em><span style=\"color:#31b5c4\" class=\"has-inline-color\"><img loading=\"lazy\" decoding=\"async\" width=\"9\" height=\"12\" src=\"\">CARNES&#8230;<\/span><\/em><\/h3>\n\n\n\n<figure class=\"wp-block-table\"><table><tbody><tr><td>Secreto ib\u00e9rico a la brasa con salsa romesco (2 personas)<\/td><td class=\"has-text-align-right\" data-align=\"right\">34,00\u20ac<\/td><\/tr><tr><td>Croca de vaca vieja a la brasa<\/td><td class=\"has-text-align-right\" data-align=\"right\">19,00\u20ac<\/td><\/tr><tr><td>Costilla de ternera a la brasa<\/td><td class=\"has-text-align-right\" data-align=\"right\">19,00\u20ac<\/td><\/tr><\/tbody><\/table><\/figure>\n\n\n\n<h3 class=\"wp-block-heading\" id=\"block-e307102f-63cb-46de-b76d-eb7de8a18a35\"><em><span style=\"background-color:rgba(0, 0, 0, 0);color:#31b5c4\" class=\"has-inline-color\">HAMBURGUESAS&#8230; Viernes y S\u00e1bados noche<\/span><\/em><\/h3>\n\n\n\n<figure class=\"wp-block-table\"><table><tbody><tr><td>Hamburguesa de chedar, bacon y cebolla caramelizada<\/td><td>10,90\u20ac<\/td><\/tr><tr><td>Hamburguesa de rulo de cabra, tomates secos y r\u00facula (opci\u00f3n vegetariana con hamburguesa de heura)<\/td><td>11,50\u20ac<\/td><\/tr><tr><td>Hamburgesa de pollo crujiente, cheddar, pepinillos y maionesa picante<\/td><td>9,90\u20ac<\/td><\/tr><tr><td>Patatas mazaroca con salsas<\/td><td>5,00\u20ac<\/td><\/tr><\/tbody><\/table><\/figure>\n\n\n\n<h3 class=\"wp-block-heading\"><\/h3>\n\n\n\n\n\n<h3 class=\"wp-block-heading\" id=\"block-de490790-bc96-4e6b-bf09-72a136539982\"><\/h3>\n\n\n\n\n\n<h3 class=\"wp-block-heading\" id=\"block-94fc30ee-50e0-4b03-aa7c-45dd87735a21\"><\/h3>\n\n\n\n\n\n<p><em><span style=\"color:#31b5c4\" class=\"has-inline-color\"><strong>SOBREMESAS&#8230;<\/strong><\/span><\/em><\/p>\n\n\n\n<figure class=\"wp-block-table\"><table><tbody><tr><td>Tarta de queso con salsa de frambuesas amarillas de nuestra huerta<\/td><td>5,50\u20ac<\/td><\/tr><tr><td>Brownie Rosa con coulis de frutos del bosque y helado de vainilla<\/td><td>5,50\u20ac<\/td><\/tr><tr><td>Crumble de manzana de nuestra huerta con helado de vainilla<\/td><td>5,50\u20ac<\/td><\/tr><tr><td>Bolas de helado (vainilla, chocolate, sorbete de lim\u00f3n)<\/td><td>1,70\u20ac<br>2,90\u20ac<br>4,10\u20ac<\/td><\/tr><\/tbody><\/table><\/figure>\n\n\n\n<h3 class=\"wp-block-heading\" id=\"block-94fc30ee-50e0-4b03-aa7c-45dd87735a21\"><em><span style=\"color:#31b5c4\" class=\"has-inline-color\">VI\u00d1OS brancos&#8230;<\/span><\/em><\/h3>\n\n\n\n<figure class=\"wp-block-table\"><table><tbody><tr><td>Praia de Santo I.X.P Ribeiras do Morrazo (albari\u00f1o)<\/td><td class=\"has-text-align-right\" data-align=\"right\">15,00\u20ac\/3,50\u20ac<\/td><\/tr><tr><td>Ladairo D.O. Monterrei (godello)<\/td><td class=\"has-text-align-right\" data-align=\"right\">14,50\u20ac\/3,30\u20ac<\/td><\/tr><tr><td>San Clodio D.O Ribeiro (treixadura, loureira, godello e albari\u00f1o)<\/td><td class=\"has-text-align-right\" data-align=\"right\">21,00\u20ac<\/td><\/tr><tr><td>So\u00f1al D.O. Ribeiro (palomino)<\/td><td class=\"has-text-align-right\" data-align=\"right\">12,00\u20ac\/ 2,80\u20ac<\/td><\/tr><\/tbody><\/table><\/figure>\n\n\n\n<h3 class=\"wp-block-heading\" id=\"block-39e808ed-ec90-419d-a8f5-843b46141f48\"><\/h3>\n\n\n\n<p><\/p>\n\n\n\n<h3 class=\"wp-block-heading\" id=\"block-39e808ed-ec90-419d-a8f5-843b46141f48\"><em><span style=\"color:#31b5c4\" class=\"has-inline-color\">VI\u00d1OS tintos&#8230;<\/span><\/em><\/h3>\n\n\n\n<figure class=\"wp-block-table\"><table><tbody><tr><td>Os Areeiros I.X.P. Ribeiras do Morrazo (ca\u00ed\u00f1o, souson e menc\u00eda)                    <\/td><td class=\"has-text-align-right\" data-align=\"right\">14,50\u20ac\/ 3,30\u20ac<\/td><\/tr><tr><td>Asolagados D.O. Ribeira Sacra (menc\u00eda)<\/td><td class=\"has-text-align-right\" data-align=\"right\">15,00\u20ac<\/td><\/tr><tr><td>Mon\u00f3logo D.O. Rioja crianza (tempranillo)<\/td><td class=\"has-text-align-right\" data-align=\"right\">13,00\u20ac\/ 3,00\u20ac<\/td><\/tr><tr><td>Ram\u00f3n Bilbao D.O. Rioja reserva (tempranillo, graciano e mazuela)<\/td><td class=\"has-text-align-right\" data-align=\"right\">22,00\u20ac<\/td><\/tr><tr><td>200 Monges D.O. Rioja reserva (mazuela, graciano e tempranillo)<\/td><td class=\"has-text-align-right\" data-align=\"right\">47,00\u20ac<\/td><\/tr><tr><td>Altos de Tamar\u00f3n D.O. Ribera del Duero crianza<\/td><td class=\"has-text-align-right\" data-align=\"right\">14,00\u20ac\/ 3,20\u20ac<\/td><\/tr><tr><td>Protos D.O. Ribera del Duero crianza<\/td><td class=\"has-text-align-right\" data-align=\"right\">23,50<\/td><\/tr><tr><td>Emilio Moro D.O. Ribera del Duero<\/td><td class=\"has-text-align-right\" data-align=\"right\">27,00\u20ac<\/td><\/tr><tr><td>Pago de los Capellanes D.O. Ribera del Duero crianza<\/td><td class=\"has-text-align-right\" data-align=\"right\">34,00\u20ac<\/td><\/tr><\/tbody><\/table><\/figure>\n\n\n\n<h3 class=\"wp-block-heading\" id=\"block-595c9c9d-8512-43f8-aef0-7939ca26bc5b\"><em><span style=\"color:#31b5c4\" class=\"has-inline-color\">ESPUMOSOS&#8230;<\/span><\/em><\/h3>\n\n\n\n<figure class=\"wp-block-table\"><table><tbody><tr><td>Alma Atl\u00e1ntica menc\u00eda Rose                       <\/td><td class=\"has-text-align-right\" data-align=\"right\">17,00\u20ac<\/td><\/tr><tr><td>Alma Atl\u00e1ntica albari\u00f1o<\/td><td class=\"has-text-align-right\" data-align=\"right\">17,00\u20ac<\/td><\/tr><\/tbody><\/table><\/figure>\n\n\n\n<h3 class=\"wp-block-heading\" id=\"block-9d6d612b-1308-48b9-b33d-fa73afb51723\"><\/h3>\n\n\n\n<p><\/p>\n","protected":false},"excerpt":{"rendered":"<p>ENTRANTES&#8230; Empanada Mazaroca de jurelos de la r\u00eda 12,00\u20ac Croquetas de sepia de la ensenada de San Sim\u00f3n 12,00\u20ac Langostinos crocantes con mayonesa picante 12,00\u20ac Tomate de casa con queso galmesano y aceite de albahaca 12,00\u20ac Pimientos de Padron de nuestra huerta 7,00\u20ac Verduras asadas de nuestra huerta con queso feta 12,00\u20ac DEL MAR&#8230; Bonito&#8230;<\/p>\n","protected":false},"author":1,"featured_media":0,"parent":0,"menu_order":0,"comment_status":"closed","ping_status":"closed","template":"","meta":{"_mi_skip_tracking":false,"_monsterinsights_sitenote_active":false,"_monsterinsights_sitenote_note":"","_monsterinsights_sitenote_category":0,"footnotes":""},"yoast_head":"<!-- This site is optimized with the Yoast SEO plugin v17.5 - https:\/\/yoast.com\/wordpress\/plugins\/seo\/ -->\n<title>CARTA SEMANAL DE LA CASA DE ROSA DE MAZAROCA - A Casa de Rosa de Mazaroca<\/title>\n<meta name=\"robots\" content=\"index, follow, max-snippet:-1, max-image-preview:large, max-video-preview:-1\" \/>\n<link rel=\"canonical\" href=\"https:\/\/mazaroca.com\/carta-semanal\/\" \/>\n<meta property=\"og:locale\" content=\"es_ES\" \/>\n<meta property=\"og:locale:alternate\" content=\"en_US\" \/>\n<meta property=\"og:locale:alternate\" content=\"gl_ES\" \/>\n<meta property=\"og:locale:alternate\" content=\"fr_FR\" \/>\n<meta property=\"og:type\" content=\"article\" \/>\n<meta property=\"og:title\" content=\"CARTA SEMANAL DE LA CASA DE ROSA DE MAZAROCA\" \/>\n<meta property=\"og:description\" content=\"ENTRANTES&#8230; Empanada Mazaroca de jurelos de la r\u00eda 12,00\u20ac Croquetas de sepia de la ensenada de San Sim\u00f3n 12,00\u20ac Langostinos crocantes con mayonesa picante 12,00\u20ac Tomate de casa con queso galmesano y aceite de albahaca 12,00\u20ac Pimientos de Padron de nuestra huerta 7,00\u20ac Verduras asadas de nuestra huerta con queso feta 12,00\u20ac DEL MAR&#8230; Bonito...\" \/>\n<meta property=\"og:url\" content=\"https:\/\/mazaroca.com\/es\/carta-semanal\/\" \/>\n<meta property=\"og:site_name\" content=\"A Casa de Rosa de Mazaroca\" \/>\n<meta property=\"article:publisher\" content=\"https:\/\/www.facebook.com\/RosaMazaroca\" \/>\n<meta property=\"article:modified_time\" content=\"2025-08-31T10:21:17+00:00\" \/>\n<meta name=\"twitter:card\" content=\"summary_large_image\" \/>\n<meta name=\"twitter:site\" content=\"@RosaMazaroca\" \/>\n<meta name=\"twitter:label1\" content=\"Tiempo de lectura\" \/>\n\t<meta name=\"twitter:data1\" content=\"3 minutos\" \/>\n<script type=\"application\/ld+json\" class=\"yoast-schema-graph\">{\"@context\":\"https:\/\/schema.org\",\"@graph\":[{\"@type\":\"Organization\",\"@id\":\"https:\/\/mazaroca.com\/#organization\",\"name\":\"A Casa de Rosa de Mazaroca\",\"url\":\"https:\/\/mazaroca.com\/\",\"sameAs\":[\"https:\/\/www.facebook.com\/RosaMazaroca\",\"http:\/\/www.instagram.com\/rosamazaroca\",\"https:\/\/twitter.com\/RosaMazaroca\"],\"logo\":{\"@type\":\"ImageObject\",\"@id\":\"https:\/\/mazaroca.com\/#logo\",\"inLanguage\":\"es-ES\",\"url\":\"https:\/\/mazaroca.com\/wp-content\/uploads\/2018\/12\/logo-mazaroca-1.jpg\",\"contentUrl\":\"https:\/\/mazaroca.com\/wp-content\/uploads\/2018\/12\/logo-mazaroca-1.jpg\",\"width\":675,\"height\":89,\"caption\":\"A Casa de Rosa de Mazaroca\"},\"image\":{\"@id\":\"https:\/\/mazaroca.com\/#logo\"}},{\"@type\":\"WebSite\",\"@id\":\"https:\/\/mazaroca.com\/#website\",\"url\":\"https:\/\/mazaroca.com\/\",\"name\":\"A Casa de Rosa de Mazaroca\",\"description\":\"Restaurante de comida tradicional gallega con un toque innovador\",\"publisher\":{\"@id\":\"https:\/\/mazaroca.com\/#organization\"},\"potentialAction\":[{\"@type\":\"SearchAction\",\"target\":{\"@type\":\"EntryPoint\",\"urlTemplate\":\"https:\/\/mazaroca.com\/?s={search_term_string}\"},\"query-input\":\"required name=search_term_string\"}],\"inLanguage\":\"es-ES\"},{\"@type\":\"WebPage\",\"@id\":\"https:\/\/mazaroca.com\/carta-semanal\/#webpage\",\"url\":\"https:\/\/mazaroca.com\/carta-semanal\/\",\"name\":\"[:gl]CARTA SEMANAL DE LA CASA DE ROSA DE MAZAROCA[:] - A Casa de Rosa de Mazaroca\",\"isPartOf\":{\"@id\":\"https:\/\/mazaroca.com\/#website\"},\"datePublished\":\"2021-10-02T10:42:14+00:00\",\"dateModified\":\"2025-08-31T10:21:17+00:00\",\"breadcrumb\":{\"@id\":\"https:\/\/mazaroca.com\/carta-semanal\/#breadcrumb\"},\"inLanguage\":\"es-ES\",\"potentialAction\":[{\"@type\":\"ReadAction\",\"target\":[\"https:\/\/mazaroca.com\/carta-semanal\/\"]}]},{\"@type\":\"BreadcrumbList\",\"@id\":\"https:\/\/mazaroca.com\/carta-semanal\/#breadcrumb\",\"itemListElement\":[{\"@type\":\"ListItem\",\"position\":1,\"name\":\"Portada\",\"item\":\"https:\/\/mazaroca.com\/es\/\"},{\"@type\":\"ListItem\",\"position\":2,\"name\":\"CARTA SEMANAL DE LA CASA DE ROSA DE MAZAROCA\"}]}]}<\/script>\n<!-- \/ Yoast SEO plugin. -->","yoast_head_json":{"title":"CARTA SEMANAL DE LA CASA DE ROSA DE MAZAROCA - A Casa de Rosa de Mazaroca","robots":{"index":"index","follow":"follow","max-snippet":"max-snippet:-1","max-image-preview":"max-image-preview:large","max-video-preview":"max-video-preview:-1"},"canonical":"https:\/\/mazaroca.com\/carta-semanal\/","og_locale":"es_ES","og_type":"article","og_title":"[:gl]CARTA SEMANAL DE LA CASA DE ROSA DE MAZAROCA[:] - A Casa de Rosa de Mazaroca","og_description":"ENTRANTES&#8230; Empanada Mazaroca de jurelos de la r\u00eda 12,00\u20ac Croquetas de sepia de la ensenada de San Sim\u00f3n 12,00\u20ac Langostinos crocantes con mayonesa picante 12,00\u20ac Tomate de casa con queso galmesano y aceite de albahaca 12,00\u20ac Pimientos de Padron de nuestra huerta 7,00\u20ac Verduras asadas de nuestra huerta con queso feta 12,00\u20ac DEL MAR&#8230; Bonito...","og_url":"https:\/\/mazaroca.com\/es\/carta-semanal\/","og_site_name":"A Casa de Rosa de Mazaroca","article_publisher":"https:\/\/www.facebook.com\/RosaMazaroca","article_modified_time":"2025-08-31T10:21:17+00:00","twitter_card":"summary_large_image","twitter_site":"@RosaMazaroca","twitter_misc":{"Tiempo de lectura":"3 minutos"},"schema":{"@context":"https:\/\/schema.org","@graph":[{"@type":"Organization","@id":"https:\/\/mazaroca.com\/#organization","name":"A Casa de Rosa de Mazaroca","url":"https:\/\/mazaroca.com\/","sameAs":["https:\/\/www.facebook.com\/RosaMazaroca","http:\/\/www.instagram.com\/rosamazaroca","https:\/\/twitter.com\/RosaMazaroca"],"logo":{"@type":"ImageObject","@id":"https:\/\/mazaroca.com\/#logo","inLanguage":"es-ES","url":"https:\/\/mazaroca.com\/wp-content\/uploads\/2018\/12\/logo-mazaroca-1.jpg","contentUrl":"https:\/\/mazaroca.com\/wp-content\/uploads\/2018\/12\/logo-mazaroca-1.jpg","width":675,"height":89,"caption":"A Casa de Rosa de Mazaroca"},"image":{"@id":"https:\/\/mazaroca.com\/#logo"}},{"@type":"WebSite","@id":"https:\/\/mazaroca.com\/#website","url":"https:\/\/mazaroca.com\/","name":"A Casa de Rosa de Mazaroca","description":"Restaurante de comida tradicional gallega con un toque innovador","publisher":{"@id":"https:\/\/mazaroca.com\/#organization"},"potentialAction":[{"@type":"SearchAction","target":{"@type":"EntryPoint","urlTemplate":"https:\/\/mazaroca.com\/?s={search_term_string}"},"query-input":"required name=search_term_string"}],"inLanguage":"es-ES"},{"@type":"WebPage","@id":"https:\/\/mazaroca.com\/carta-semanal\/#webpage","url":"https:\/\/mazaroca.com\/carta-semanal\/","name":"[:gl]CARTA SEMANAL DE LA CASA DE ROSA DE MAZAROCA[:] - A Casa de Rosa de Mazaroca","isPartOf":{"@id":"https:\/\/mazaroca.com\/#website"},"datePublished":"2021-10-02T10:42:14+00:00","dateModified":"2025-08-31T10:21:17+00:00","breadcrumb":{"@id":"https:\/\/mazaroca.com\/carta-semanal\/#breadcrumb"},"inLanguage":"es-ES","potentialAction":[{"@type":"ReadAction","target":["https:\/\/mazaroca.com\/carta-semanal\/"]}]},{"@type":"BreadcrumbList","@id":"https:\/\/mazaroca.com\/carta-semanal\/#breadcrumb","itemListElement":[{"@type":"ListItem","position":1,"name":"Portada","item":"https:\/\/mazaroca.com\/es\/"},{"@type":"ListItem","position":2,"name":"CARTA SEMANAL DE LA CASA DE ROSA DE MAZAROCA"}]}]}},"jetpack_likes_enabled":true,"jetpack_sharing_enabled":true,"_links":{"self":[{"href":"https:\/\/mazaroca.com\/es\/wp-json\/wp\/v2\/pages\/2163"}],"collection":[{"href":"https:\/\/mazaroca.com\/es\/wp-json\/wp\/v2\/pages"}],"about":[{"href":"https:\/\/mazaroca.com\/es\/wp-json\/wp\/v2\/types\/page"}],"author":[{"embeddable":true,"href":"https:\/\/mazaroca.com\/es\/wp-json\/wp\/v2\/users\/1"}],"replies":[{"embeddable":true,"href":"https:\/\/mazaroca.com\/es\/wp-json\/wp\/v2\/comments?post=2163"}],"version-history":[{"count":1869,"href":"https:\/\/mazaroca.com\/es\/wp-json\/wp\/v2\/pages\/2163\/revisions"}],"predecessor-version":[{"id":5681,"href":"https:\/\/mazaroca.com\/es\/wp-json\/wp\/v2\/pages\/2163\/revisions\/5681"}],"wp:attachment":[{"href":"https:\/\/mazaroca.com\/es\/wp-json\/wp\/v2\/media?parent=2163"}],"curies":[{"name":"wp","href":"https:\/\/api.w.org\/{rel}","templated":true}]}}