{"id":2163,"date":"2021-10-02T10:42:14","date_gmt":"2021-10-02T10:42:14","guid":{"rendered":"https:\/\/mazaroca.com\/carta-semanal-copy\/"},"modified":"2025-08-31T10:21:17","modified_gmt":"2025-08-31T10:21:17","slug":"carta-semanal","status":"publish","type":"page","link":"https:\/\/mazaroca.com\/fr\/carta-semanal\/","title":{"rendered":"CARTA SEMANAL DE LA CASA DE ROSA DE MAZAROCA"},"content":{"rendered":"\n<p><\/p>\n\n\n\n\n\n<h3 class=\"wp-block-heading\"><span style=\"background-color:rgba(0, 0, 0, 0);color:#31b5c4\" class=\"has-inline-color\"><em>ENTRANTES&#8230; <\/em><\/span><\/h3>\n\n\n\n<figure class=\"wp-block-table\"><table><tbody><tr><td>Croquetas de mexil\u00f3n DOP Galicia<\/td><td class=\"has-text-align-right\" data-align=\"right\">10,00\u20ac<\/td><\/tr><tr><td>Croquetas de carrilleira ib\u00e9rica<\/td><td class=\"has-text-align-right\" data-align=\"right\">10,00\u20ac<\/td><\/tr><tr><td>Polbo de Ons \u00e1 feira con cachelos<\/td><td class=\"has-text-align-right\" data-align=\"right\">20,00\u20ac<\/td><\/tr><tr><td>Langostinos crocantes con maionesa picante<\/td><td class=\"has-text-align-right\" data-align=\"right\">10,00\u20ac<\/td><\/tr><tr><td>Falafel caseiro con salsa de iogur<\/td><td class=\"has-text-align-right\" data-align=\"right\">10,00\u20ac<\/td><\/tr><tr><td>Tortilla de verduras<\/td><td class=\"has-text-align-right\" data-align=\"right\">9,00\u20ac<\/td><\/tr><tr><td>Callos<\/td><td class=\"has-text-align-right\" data-align=\"right\">9,00\u20ac<\/td><\/tr><\/tbody><\/table><\/figure>\n\n\n\n<h3 class=\"wp-block-heading\"><span style=\"background-color:rgba(0, 0, 0, 0);color:#31b5c4\" class=\"has-inline-color\"><em>DO MAR&#8230;<\/em><\/span><\/h3>\n\n\n\n<figure class=\"wp-block-table\"><table><tbody><tr><td>Arroz con lumbrigante (2 persoas)<\/td><td class=\"has-text-align-right\" data-align=\"right\">60,00\u20ac<\/td><\/tr><tr><td>Fideos con ameixas e langostinos (2 persoas)<\/td><td class=\"has-text-align-right\" data-align=\"right\">32,00\u20ac<\/td><\/tr><tr><td>Sargo \u00e1 espalda<\/td><td class=\"has-text-align-right\" data-align=\"right\">16,00\u20ac<\/td><\/tr><\/tbody><\/table><\/figure>\n\n\n\n<h3 class=\"wp-block-heading\"><em><span style=\"color:#31b5c4\" class=\"has-inline-color\"><\/span><\/em><\/h3>\n\n\n\n<h3 class=\"wp-block-heading\"><em><span style=\"color:#31b5c4\" class=\"has-inline-color\">CARNES&#8230;<\/span><\/em><\/h3>\n\n\n\n<figure class=\"wp-block-table\"><table><tbody><tr><td>Secreto Ib\u00e9rico <\/td><td class=\"has-text-align-right\" data-align=\"right\">18,00\u20ac<\/td><\/tr><tr><td>Costela de Angus en salsa barbacoa                  <\/td><td class=\"has-text-align-right\" data-align=\"right\">18,50\u20ac<\/td><\/tr><tr><td>Croca de vaca NAY  <\/td><td class=\"has-text-align-right\" data-align=\"right\">19,00\u20ac<\/td><\/tr><\/tbody><\/table><\/figure>\n\n\n\n<h2 class=\"wp-block-heading\"><\/h2>\n\n\n\n\n\n<h3 class=\"wp-block-heading\" id=\"block-e307102f-63cb-46de-b76d-eb7de8a18a35\"><em><span style=\"color:#31b5c4\" class=\"has-inline-color\">HAMBURGUESAS&#8230; S\u00f3 venres e s\u00e1bado pola noite <\/span><\/em><\/h3>\n\n\n\n<figure class=\"wp-block-table\"><table><tbody><tr><td>Hamburguesa de ternera con ruc\u00fala, rulo de cabra e tomate seco<\/td><td class=\"has-text-align-right\" data-align=\"right\">10,50\u20ac<\/td><\/tr><tr><td>Hamburguesa de ternera con bacon, cebola caramelizada e cheddar<\/td><td class=\"has-text-align-right\" data-align=\"right\">10,00\u20ac<\/td><\/tr><tr><td>Patacas Mazaroca 3 salsas<\/td><td class=\"has-text-align-right\" data-align=\"right\">5,00\u20ac<\/td><\/tr><\/tbody><\/table><\/figure>\n\n\n\n<h3 class=\"wp-block-heading\" id=\"block-de490790-bc96-4e6b-bf09-72a136539982\"><span style=\"background-color:rgba(0, 0, 0, 0);color:#31b5c4\" class=\"has-inline-color\"><em>PRATO INFANTIL&#8230;<\/em><\/span><\/h3>\n\n\n\n<figure class=\"wp-block-table\"><table><tbody><tr><td>Macarr\u00f3ns bolo\u00f1esa                                                    <\/td><td class=\"has-text-align-right\" data-align=\"right\">9,00\u20ac<\/td><\/tr><\/tbody><\/table><\/figure>\n\n\n\n<h3 class=\"wp-block-heading\" id=\"block-de490790-bc96-4e6b-bf09-72a136539982\"><em><span style=\"color:#31b5c4\" class=\"has-inline-color\">SOBREMESAS&#8230;<\/span><\/em><\/h3>\n\n\n\n<figure class=\"wp-block-table\"><table><tbody><tr><td>Brownie de chocolate con xeado de vainilla e cul\u00eds de froitos vermellos<\/td><td class=\"has-text-align-right\" data-align=\"right\">5,50\u20ac<\/td><\/tr><tr><td>Crumble de maz\u00e1s da nosa horta<\/td><td class=\"has-text-align-right\" data-align=\"right\">5,50\u20ac<\/td><\/tr><tr><td>Leite fritida con sorbete de lim\u00f3n e tofe<\/td><td class=\"has-text-align-right\" data-align=\"right\">5,50\u20ac<\/td><\/tr><tr><td>Bolas de xeado (vainilla, chocolate, sorbete de mango ou lim\u00f3n)<br><\/td><td class=\"has-text-align-right\" data-align=\"right\">1,70\u20ac<br>2,90\u20ac<br>4,10\u20ac<\/td><\/tr><\/tbody><\/table><\/figure>\n\n\n\n<h2 class=\"wp-block-heading has-text-align-left\"><mark style=\"background-color:rgba(0, 0, 0, 0);color:#31b5c4\" class=\"has-inline-color\">Pan&#8230;<\/mark><\/h2>\n\n\n\n<figure class=\"wp-block-table\"><table><tbody><tr><td>Por persoa                                                                      <\/td><td class=\"has-text-align-right\" data-align=\"right\">0,60\u20ac<\/td><\/tr><tr><td>Sen gluten<\/td><td class=\"has-text-align-right\" data-align=\"right\">1,20\u20ac<\/td><\/tr><\/tbody><\/table><\/figure>\n\n\n\n<h3 class=\"wp-block-heading\" id=\"block-94fc30ee-50e0-4b03-aa7c-45dd87735a21\"><em><span style=\"color:#31b5c4\" class=\"has-inline-color\">VI\u00d1OS brancos&#8230;<\/span><\/em><\/h3>\n\n\n\n<figure class=\"wp-block-table\"><table><tbody><tr><td>Cabo Udra &#8211; Branco pa\u00eds (albari\u00f1o, godello, treixadura&#8230;)                                 <\/td><td class=\"has-text-align-right\" data-align=\"right\">9,00\u20ac\/2,00\u20ac<\/td><\/tr><tr><td>Os Areeiros I.X.P. Ribeiras do Morrazo (albari\u00f1o)<\/td><td class=\"has-text-align-right\" data-align=\"right\">14,50\u20ac\/ 3,30\u20ac<\/td><\/tr><tr><td>Praia de Santo I.X.P Ribeiras do Morrazo (albari\u00f1o)<\/td><td class=\"has-text-align-right\" data-align=\"right\">15,00\u20ac\/3,50\u20ac<\/td><\/tr><tr><td>Follas Novas D.O R\u00edas Baixas (albari\u00f1o)<\/td><td class=\"has-text-align-right\" data-align=\"right\">16,00\u20ac\/3,60\u20ac<\/td><\/tr><tr><td>Vi\u00f1aredo D.O. Valdeorras (godello)<\/td><td class=\"has-text-align-right\" data-align=\"right\">16,00\u20ac\/3,60\u20ac<\/td><\/tr><tr><td>Vilerma D.O Ribeiro (treixadura, godello, albari\u00f1o, torront\u00e9s e lado)<\/td><td class=\"has-text-align-right\" data-align=\"right\">18,00\u20ac\/ 3,80\u20ac<\/td><\/tr><tr><td>San Clodio D.O Ribeiro (treixadura, loureira, godello e albari\u00f1o)<\/td><td class=\"has-text-align-right\" data-align=\"right\">21,00\u20ac<\/td><\/tr><tr><td>So\u00f1al D.O. Ribeiro (palomino)<\/td><td class=\"has-text-align-right\" data-align=\"right\">10,00\u20ac\/ 2,50\u20ac<\/td><\/tr><\/tbody><\/table><\/figure>\n\n\n\n<h3 class=\"wp-block-heading\" id=\"block-39e808ed-ec90-419d-a8f5-843b46141f48\"><em><span style=\"color:#31b5c4\" class=\"has-inline-color\">VI\u00d1OS tintos&#8230;<\/span><\/em><\/h3>\n\n\n\n<figure class=\"wp-block-table\"><table><tbody><tr><td>Os Areeiros I.X.P. Ribeiras do Morrazo (ca\u00ed\u00f1o, souson e menc\u00eda)                    <\/td><td class=\"has-text-align-right\" data-align=\"right\">14,50\u20ac\/ 3,30\u20ac<\/td><\/tr><tr><td>Casa Moreiras D.O. Ribeira Sacra (menc\u00eda)<\/td><td class=\"has-text-align-right\" data-align=\"right\">15,00\u20ac\/ 3,50\u20ac<\/td><\/tr><tr><td>Asolagados D.O. Ribeira Sacra (menc\u00eda)<\/td><td class=\"has-text-align-right\" data-align=\"right\">15,00\u20ac<\/td><\/tr><tr><td>Ladairo D.O. Monterrei (menc\u00eda e ara\u00faxa)<\/td><td class=\"has-text-align-right\" data-align=\"right\">14,50\u20ac\/ 3,30\u20ac<\/td><\/tr><tr><td>Mon\u00f3logo D.O. Rioja crianza (tempranillo)<\/td><td class=\"has-text-align-right\" data-align=\"right\">13,00\u20ac\/ 3,00\u20ac<\/td><\/tr><tr><td>Ram\u00f3n Bilbao D.O. Rioja reserva (tempranillo, graciano e mazuela)<\/td><td class=\"has-text-align-right\" data-align=\"right\">22,00\u20ac<\/td><\/tr><tr><td>Fincas de Azabache D.O. Rioja crianza (garnacha)<\/td><td class=\"has-text-align-right\" data-align=\"right\">20,00\u20ac<\/td><\/tr><tr><td>200 Monges D.O. Rioja reserva (mazuela, graciano e tempranillo)<\/td><td class=\"has-text-align-right\" data-align=\"right\">47,00\u20ac<\/td><\/tr><tr><td>Altos de Tamar\u00f3n D.O. Ribera del Duero crianza<\/td><td class=\"has-text-align-right\" data-align=\"right\">14,00\u20ac\/ 3,20\u20ac<\/td><\/tr><tr><td>Emilio Moro D.O. Ribera del Duero<\/td><td class=\"has-text-align-right\" data-align=\"right\">27,00\u20ac<\/td><\/tr><tr><td>Pago de los Capellanes D.O. Ribera del Duero crianza<\/td><td class=\"has-text-align-right\" data-align=\"right\">34,00\u20ac<\/td><\/tr><\/tbody><\/table><\/figure>\n\n\n\n<h3 class=\"wp-block-heading\" id=\"block-595c9c9d-8512-43f8-aef0-7939ca26bc5b\"><em><span style=\"color:#31b5c4\" class=\"has-inline-color\">ESPUMOSOS&#8230;<\/span><\/em><\/h3>\n\n\n\n<figure class=\"wp-block-table\"><table><tbody><tr><td>Alma Atl\u00e1ntica menc\u00eda Ros\u00e9<\/td><td class=\"has-text-align-right\" data-align=\"right\">17,00\u20ac<\/td><\/tr><tr><td>Alma Atl\u00e1ntica albari\u00f1o<\/td><td class=\"has-text-align-right\" data-align=\"right\">17,00\u20ac<\/td><\/tr><tr><td>Sangr\u00eda de Alma Atl\u00e1ntica Menc\u00eda Ros\u00e9 <\/td><td class=\"has-text-align-right\" data-align=\"right\">25.00\u20ac<\/td><\/tr><tr><td>Sangr\u00eda de Alma Atl\u00e1ntica Albari\u00f1o<\/td><td class=\"has-text-align-right\" data-align=\"right\">25.00\u20ac<\/td><\/tr><\/tbody><\/table><\/figure>\n\n\n\n<h3 class=\"wp-block-heading\" id=\"block-9d6d612b-1308-48b9-b33d-fa73afb51723\"><em><span style=\"color:#31b5c4\" class=\"has-inline-color\">REFRESCOS&#8230;<\/span><\/em><\/h3>\n\n\n\n<figure class=\"wp-block-table\"><table><tbody><tr><td>Auga grande Cabreiro\u00e1<\/td><td>2.50\u20ac<\/td><\/tr><tr><td>Auga pequena Cabreiro\u00e1<\/td><td>1.80\u20ac<\/td><\/tr><tr><td>Auga con gas pequena Cabreiro\u00e1<\/td><td>1.80\u20ac<\/td><\/tr><tr><td>Coca cola (Orixinal ou Zero)<\/td><td>2.50\u20ac<\/td><\/tr><tr><td>Kas (Laranxa ou Lim\u00f3n)<\/td><td>2.00\u20ac<\/td><\/tr><tr><td>7UP<\/td><td>2.00\u20ac<\/td><\/tr><tr><td>Gasosa<\/td><td>1.20\u20ac<\/td><\/tr><tr><td>T\u00f3nica Schweppess<\/td><td>2.50\u20ac<\/td><\/tr><tr><td>Sidra Maeloc<\/td><td>2.50\u20ac<\/td><\/tr><tr><td>Nestea<\/td><td>2.50\u20ac<\/td><\/tr><tr><td>Aquarius (Lim\u00f3n ou Laranxa)                              <\/td><td>2.50\u20ac<\/td><\/tr><tr><td>Zumo (Melocot\u00f3n ou Pi\u00f1a)<\/td><td>2.00\u20ac<\/td><\/tr><tr><td>Sangr\u00eda                                                                                                                               <\/td><td>10.00\u20ac<\/td><\/tr><\/tbody><\/table><\/figure>\n\n\n\n<h3 class=\"wp-block-heading\" id=\"block-8a76f23f-bfd1-4e9d-91a1-83ea13916e20\"><em><span style=\"color:#31b5c4\" class=\"has-inline-color\">CERVEXAS&#8230;<\/span><\/em><\/h3>\n\n\n\n<figure class=\"wp-block-table\"><table><tbody><tr><td>Estrella galicia<\/td><td class=\"has-text-align-right\" data-align=\"right\">2.20\u20ac<\/td><\/tr><tr><td>1906<\/td><td class=\"has-text-align-right\" data-align=\"right\">2.30\u20ac<\/td><\/tr><tr><td>Ca\u00f1a Estrella Galicia<\/td><td class=\"has-text-align-right\" data-align=\"right\">2.00\u20ac<\/td><\/tr><tr><td>Corto Estrella Galicia<\/td><td class=\"has-text-align-right\" data-align=\"right\">1.70\u20ac<\/td><\/tr><tr><td>Clara (Gaseosa ou Lim\u00f3n)<\/td><td class=\"has-text-align-right\" data-align=\"right\">2.00\u20ac<\/td><\/tr><tr><td>Bock Estrella Galicia<\/td><td class=\"has-text-align-right\" data-align=\"right\">3.40\u20ac<\/td><\/tr><tr><td>Xarra Estrella Galicia<\/td><td class=\"has-text-align-right\" data-align=\"right\">11.00\u20ac<\/td><\/tr><tr><td>Estrella Galicia 0.0<\/td><td class=\"has-text-align-right\" data-align=\"right\">2.20\u20ac<\/td><\/tr><tr><td>Estrella Galicia 0.0 Tostada       <\/td><td class=\"has-text-align-right\" data-align=\"right\">2.20\u20ac<\/td><\/tr><tr><td>Estrella Galicia sen gluten                                                                                                                       <\/td><td class=\"has-text-align-right\" data-align=\"right\">2.30\u20ac<\/td><\/tr><\/tbody><\/table><\/figure>\n\n\n\n<h2 class=\"wp-block-heading\"><em><span style=\"color:#31b5c4\" class=\"has-inline-color\">LICORES&#8230;<\/span><\/em><\/h2>\n\n\n\n<figure class=\"wp-block-table\"><table><tbody><tr><td>Chupito (licor caf\u00e9, crema de orujo, tostada ou herbas)<\/td><td>2.00\u20ac<\/td><\/tr><tr><td>Chupito Ca\u00f1a<\/td><td>1.80\u20ac<\/td><\/tr><tr><td>Copa (licor caf\u00e9, crema de orujo, tostada ou herbas)<\/td><td>2.70\u20ac<\/td><\/tr><tr><td>Copa de ca\u00f1a<\/td><td>2.50\u20ac<\/td><\/tr><tr><td>Chupito Whisky (100 Pipers, J&#038;B, Ballantines, Red Label ou Jameson)<\/td><td>2.20<\/td><\/tr><tr><td>Chupito Whisky Premium (Black Label ou Glenfiddich)<\/td><td>3.30\u20ac<\/td><\/tr><tr><td>Copa Whisky (100 Pipers, J&#038;B, Ballantines, Red Label ou Jameson)<\/td><td>3.80\u20ac<\/td><\/tr><tr><td>Copa Whisky Premium (Black Label ou Glenfiddich)<\/td><td>7.20\u20ac<\/td><\/tr><tr><td>Combinado Whisky (100 Pipers, J&#038;B, Ballantines, Red Label ou Jameson)<\/td><td>6.00\u20ac<\/td><\/tr><tr><td>Combinado Whisky Premium (Black Label ou Glenfiddich)<\/td><td>9.00\u20ac<\/td><\/tr><tr><td>Combinado Ginebra (Beefeater, Tanqueray)<\/td><td>5.80\u20ac<\/td><\/tr><tr><td>Combinado Ginebra Premium (Seagram&rsquo;s, Bombay Saphyre, Martin Miller&rsquo;s ou Hendrick&rsquo;s)<\/td><td>8.30\u20ac<\/td><\/tr><tr><td>Combinado Santa Teresa<\/td><td>7.00\u20ac<\/td><\/tr><tr><td>Chupito Torres 10<\/td><td>3.50\u20ac<\/td><\/tr><tr><td>Copa Torres 10<\/td><td>5.20\u20ac<\/td><\/tr><\/tbody><\/table><\/figure>\n\n\n\n<h2 class=\"wp-block-heading\"><em><span style=\"color:#31b5c4\" class=\"has-inline-color\">CAF\u00c9S E INFUSI\u00d3NS&#8230;<\/span><\/em><\/h2>\n\n\n\n<figure class=\"wp-block-table\"><table><tbody><tr><td>Caf\u00e9  (S\u00f3lo, cortado, con leite, descafeinado de m\u00e1quina\/sobre ou am\u00e9ricano)<\/td><td>1.30\u20ac<\/td><\/tr><tr><td>Caf\u00e9 con xeo (S\u00f3lo, cortado, con leite, descafeinado de m\u00e1quina\/sobre ou am\u00e9ricano)<\/td><td>1.40\u20ac<\/td><\/tr><tr><td>Caf\u00e9 con gotas (S\u00f3lo, cortado, con leite, descafeinado de m\u00e1quina\/sobre ou am\u00e9ricano)<\/td><td>1.60\u20ac<\/td><\/tr><tr><td>Caf\u00e9 doble carga (S\u00f3lo, cortado, con leite, descafeinado de m\u00e1quina\/sobre ou am\u00e9ricano)<\/td><td>2.60\u20ac<\/td><\/tr><tr><td>Infusi\u00f3ns (Manzanilla, Poleo-menta, roiboos caramelo, roiboos lim\u00f3n, Sienta bien)<\/td><td>1.30\u20ac<\/td><\/tr><tr><td>Infusi\u00f3ns con te\u00edna (T\u00e9 English Breakfast, T\u00e9 verde, T\u00e9 verde con canela, Pu Erh, Oolong)<\/td><td>1.30\u20ac<\/td><\/tr><tr><td>Infusi\u00f3ns con xeo<\/td><td>1.40\u20ac<\/td><\/tr><\/tbody><\/table><\/figure>\n","protected":false},"excerpt":{"rendered":"<p>ENTRANTES&#8230; Croquetas de mexil\u00f3n DOP Galicia 10,00\u20ac Croquetas de carrilleira ib\u00e9rica 10,00\u20ac Polbo de Ons \u00e1 feira con cachelos 20,00\u20ac Langostinos crocantes con maionesa picante 10,00\u20ac Falafel caseiro con salsa de iogur 10,00\u20ac Tortilla de verduras 9,00\u20ac Callos 9,00\u20ac DO MAR&#8230; Arroz con lumbrigante (2 persoas) 60,00\u20ac Fideos con ameixas e langostinos (2 persoas) 32,00\u20ac&#8230;<\/p>\n","protected":false},"author":1,"featured_media":0,"parent":0,"menu_order":0,"comment_status":"closed","ping_status":"closed","template":"","meta":{"_mi_skip_tracking":false,"_monsterinsights_sitenote_active":false,"_monsterinsights_sitenote_note":"","_monsterinsights_sitenote_category":0,"footnotes":""},"yoast_head":"<!-- This site is optimized with the Yoast SEO plugin v17.5 - https:\/\/yoast.com\/wordpress\/plugins\/seo\/ -->\n<title>CARTA SEMANAL DE LA CASA DE ROSA DE MAZAROCA - A Casa de Rosa de Mazaroca<\/title>\n<meta name=\"robots\" content=\"index, follow, max-snippet:-1, max-image-preview:large, max-video-preview:-1\" \/>\n<link rel=\"canonical\" href=\"https:\/\/mazaroca.com\/carta-semanal\/\" \/>\n<meta property=\"og:locale\" content=\"fr_FR\" \/>\n<meta property=\"og:locale:alternate\" content=\"en_US\" \/>\n<meta property=\"og:locale:alternate\" content=\"es_ES\" \/>\n<meta property=\"og:locale:alternate\" content=\"gl_ES\" \/>\n<meta property=\"og:type\" content=\"article\" \/>\n<meta property=\"og:title\" content=\"CARTA SEMANAL DE LA CASA DE ROSA DE MAZAROCA\" \/>\n<meta property=\"og:description\" content=\"ENTRANTES&#8230; Croquetas de mexil\u00f3n DOP Galicia 10,00\u20ac Croquetas de carrilleira ib\u00e9rica 10,00\u20ac Polbo de Ons \u00e1 feira con cachelos 20,00\u20ac Langostinos crocantes con maionesa picante 10,00\u20ac Falafel caseiro con salsa de iogur 10,00\u20ac Tortilla de verduras 9,00\u20ac Callos 9,00\u20ac DO MAR&#8230; Arroz con lumbrigante (2 persoas) 60,00\u20ac Fideos con ameixas e langostinos (2 persoas) 32,00\u20ac...\" \/>\n<meta property=\"og:url\" content=\"https:\/\/mazaroca.com\/fr\/carta-semanal\/\" \/>\n<meta property=\"og:site_name\" content=\"A Casa de Rosa de Mazaroca\" \/>\n<meta property=\"article:publisher\" content=\"https:\/\/www.facebook.com\/RosaMazaroca\" \/>\n<meta property=\"article:modified_time\" content=\"2025-08-31T10:21:17+00:00\" \/>\n<meta name=\"twitter:card\" content=\"summary_large_image\" \/>\n<meta name=\"twitter:site\" content=\"@RosaMazaroca\" \/>\n<meta name=\"twitter:label1\" content=\"Dur\u00e9e de lecture est.\" \/>\n\t<meta name=\"twitter:data1\" content=\"3 minutes\" \/>\n<script type=\"application\/ld+json\" class=\"yoast-schema-graph\">{\"@context\":\"https:\/\/schema.org\",\"@graph\":[{\"@type\":\"Organization\",\"@id\":\"https:\/\/mazaroca.com\/#organization\",\"name\":\"A Casa de Rosa de Mazaroca\",\"url\":\"https:\/\/mazaroca.com\/\",\"sameAs\":[\"https:\/\/www.facebook.com\/RosaMazaroca\",\"http:\/\/www.instagram.com\/rosamazaroca\",\"https:\/\/twitter.com\/RosaMazaroca\"],\"logo\":{\"@type\":\"ImageObject\",\"@id\":\"https:\/\/mazaroca.com\/#logo\",\"inLanguage\":\"fr-FR\",\"url\":\"https:\/\/mazaroca.com\/wp-content\/uploads\/2018\/12\/logo-mazaroca-1.jpg\",\"contentUrl\":\"https:\/\/mazaroca.com\/wp-content\/uploads\/2018\/12\/logo-mazaroca-1.jpg\",\"width\":675,\"height\":89,\"caption\":\"A Casa de Rosa de Mazaroca\"},\"image\":{\"@id\":\"https:\/\/mazaroca.com\/#logo\"}},{\"@type\":\"WebSite\",\"@id\":\"https:\/\/mazaroca.com\/#website\",\"url\":\"https:\/\/mazaroca.com\/\",\"name\":\"A Casa de Rosa de Mazaroca\",\"description\":\"Restaurant de cuisine traditionnelle galicienne avec une touche d&#039;innovation\",\"publisher\":{\"@id\":\"https:\/\/mazaroca.com\/#organization\"},\"potentialAction\":[{\"@type\":\"SearchAction\",\"target\":{\"@type\":\"EntryPoint\",\"urlTemplate\":\"https:\/\/mazaroca.com\/?s={search_term_string}\"},\"query-input\":\"required name=search_term_string\"}],\"inLanguage\":\"fr-FR\"},{\"@type\":\"WebPage\",\"@id\":\"https:\/\/mazaroca.com\/carta-semanal\/#webpage\",\"url\":\"https:\/\/mazaroca.com\/carta-semanal\/\",\"name\":\"[:gl]CARTA SEMANAL DE LA CASA DE ROSA DE MAZAROCA[:] - A Casa de Rosa de Mazaroca\",\"isPartOf\":{\"@id\":\"https:\/\/mazaroca.com\/#website\"},\"datePublished\":\"2021-10-02T10:42:14+00:00\",\"dateModified\":\"2025-08-31T10:21:17+00:00\",\"breadcrumb\":{\"@id\":\"https:\/\/mazaroca.com\/carta-semanal\/#breadcrumb\"},\"inLanguage\":\"fr-FR\",\"potentialAction\":[{\"@type\":\"ReadAction\",\"target\":[\"https:\/\/mazaroca.com\/carta-semanal\/\"]}]},{\"@type\":\"BreadcrumbList\",\"@id\":\"https:\/\/mazaroca.com\/carta-semanal\/#breadcrumb\",\"itemListElement\":[{\"@type\":\"ListItem\",\"position\":1,\"name\":\"Portada\",\"item\":\"https:\/\/mazaroca.com\/es\/\"},{\"@type\":\"ListItem\",\"position\":2,\"name\":\"CARTA SEMANAL DE LA CASA DE ROSA DE MAZAROCA\"}]}]}<\/script>\n<!-- \/ Yoast SEO plugin. -->","yoast_head_json":{"title":"CARTA SEMANAL DE LA CASA DE ROSA DE MAZAROCA - A Casa de Rosa de Mazaroca","robots":{"index":"index","follow":"follow","max-snippet":"max-snippet:-1","max-image-preview":"max-image-preview:large","max-video-preview":"max-video-preview:-1"},"canonical":"https:\/\/mazaroca.com\/carta-semanal\/","og_locale":"fr_FR","og_type":"article","og_title":"[:gl]CARTA SEMANAL DE LA CASA DE ROSA DE MAZAROCA[:] - A Casa de Rosa de Mazaroca","og_description":"ENTRANTES&#8230; Croquetas de mexil\u00f3n DOP Galicia 10,00\u20ac Croquetas de carrilleira ib\u00e9rica 10,00\u20ac Polbo de Ons \u00e1 feira con cachelos 20,00\u20ac Langostinos crocantes con maionesa picante 10,00\u20ac Falafel caseiro con salsa de iogur 10,00\u20ac Tortilla de verduras 9,00\u20ac Callos 9,00\u20ac DO MAR&#8230; Arroz con lumbrigante (2 persoas) 60,00\u20ac Fideos con ameixas e langostinos (2 persoas) 32,00\u20ac...","og_url":"https:\/\/mazaroca.com\/fr\/carta-semanal\/","og_site_name":"A Casa de Rosa de Mazaroca","article_publisher":"https:\/\/www.facebook.com\/RosaMazaroca","article_modified_time":"2025-08-31T10:21:17+00:00","twitter_card":"summary_large_image","twitter_site":"@RosaMazaroca","twitter_misc":{"Dur\u00e9e de lecture est.":"3 minutes"},"schema":{"@context":"https:\/\/schema.org","@graph":[{"@type":"Organization","@id":"https:\/\/mazaroca.com\/#organization","name":"A Casa de Rosa de Mazaroca","url":"https:\/\/mazaroca.com\/","sameAs":["https:\/\/www.facebook.com\/RosaMazaroca","http:\/\/www.instagram.com\/rosamazaroca","https:\/\/twitter.com\/RosaMazaroca"],"logo":{"@type":"ImageObject","@id":"https:\/\/mazaroca.com\/#logo","inLanguage":"fr-FR","url":"https:\/\/mazaroca.com\/wp-content\/uploads\/2018\/12\/logo-mazaroca-1.jpg","contentUrl":"https:\/\/mazaroca.com\/wp-content\/uploads\/2018\/12\/logo-mazaroca-1.jpg","width":675,"height":89,"caption":"A Casa de Rosa de Mazaroca"},"image":{"@id":"https:\/\/mazaroca.com\/#logo"}},{"@type":"WebSite","@id":"https:\/\/mazaroca.com\/#website","url":"https:\/\/mazaroca.com\/","name":"A Casa de Rosa de Mazaroca","description":"Restaurant de cuisine traditionnelle galicienne avec une touche d&#039;innovation","publisher":{"@id":"https:\/\/mazaroca.com\/#organization"},"potentialAction":[{"@type":"SearchAction","target":{"@type":"EntryPoint","urlTemplate":"https:\/\/mazaroca.com\/?s={search_term_string}"},"query-input":"required name=search_term_string"}],"inLanguage":"fr-FR"},{"@type":"WebPage","@id":"https:\/\/mazaroca.com\/carta-semanal\/#webpage","url":"https:\/\/mazaroca.com\/carta-semanal\/","name":"[:gl]CARTA SEMANAL DE LA CASA DE ROSA DE MAZAROCA[:] - A Casa de Rosa de Mazaroca","isPartOf":{"@id":"https:\/\/mazaroca.com\/#website"},"datePublished":"2021-10-02T10:42:14+00:00","dateModified":"2025-08-31T10:21:17+00:00","breadcrumb":{"@id":"https:\/\/mazaroca.com\/carta-semanal\/#breadcrumb"},"inLanguage":"fr-FR","potentialAction":[{"@type":"ReadAction","target":["https:\/\/mazaroca.com\/carta-semanal\/"]}]},{"@type":"BreadcrumbList","@id":"https:\/\/mazaroca.com\/carta-semanal\/#breadcrumb","itemListElement":[{"@type":"ListItem","position":1,"name":"Portada","item":"https:\/\/mazaroca.com\/es\/"},{"@type":"ListItem","position":2,"name":"CARTA SEMANAL DE LA CASA DE ROSA DE MAZAROCA"}]}]}},"jetpack_likes_enabled":true,"jetpack_sharing_enabled":true,"_links":{"self":[{"href":"https:\/\/mazaroca.com\/fr\/wp-json\/wp\/v2\/pages\/2163"}],"collection":[{"href":"https:\/\/mazaroca.com\/fr\/wp-json\/wp\/v2\/pages"}],"about":[{"href":"https:\/\/mazaroca.com\/fr\/wp-json\/wp\/v2\/types\/page"}],"author":[{"embeddable":true,"href":"https:\/\/mazaroca.com\/fr\/wp-json\/wp\/v2\/users\/1"}],"replies":[{"embeddable":true,"href":"https:\/\/mazaroca.com\/fr\/wp-json\/wp\/v2\/comments?post=2163"}],"version-history":[{"count":1869,"href":"https:\/\/mazaroca.com\/fr\/wp-json\/wp\/v2\/pages\/2163\/revisions"}],"predecessor-version":[{"id":5681,"href":"https:\/\/mazaroca.com\/fr\/wp-json\/wp\/v2\/pages\/2163\/revisions\/5681"}],"wp:attachment":[{"href":"https:\/\/mazaroca.com\/fr\/wp-json\/wp\/v2\/media?parent=2163"}],"curies":[{"name":"wp","href":"https:\/\/api.w.org\/{rel}","templated":true}]}}